{"id":11,"date":"2014-03-25T14:35:23","date_gmt":"2014-03-25T14:35:23","guid":{"rendered":"https:\/\/www.madeinebor.com\/gv\/?page_id=6"},"modified":"2021-10-07T19:50:48","modified_gmt":"2021-10-07T17:50:48","slug":"home","status":"publish","type":"page","link":"https:\/\/www.michastattoo.de\/","title":{"rendered":"Home"},"content":{"rendered":"\n<div class=\"wp-block-columns is-layout-flex wp-container-core-columns-is-layout-9d6595d7 wp-block-columns-is-layout-flex\">\n<div class=\"wp-block-column is-layout-flow wp-block-column-is-layout-flow\" style=\"flex-basis:100%\">\n<div class=\"wp-block-columns is-layout-flex wp-container-core-columns-is-layout-9d6595d7 wp-block-columns-is-layout-flex\">\n<div class=\"wp-block-column is-layout-flow wp-block-column-is-layout-flow\" style=\"flex-basis:50%\">\n<p class=\"has-drop-cap\">Auf dieser Seite findet Ihr viele Informationen rund ums Thema Tattoo &amp; Piercing.<\/p>\n\n\n\n<p>Nun w\u00fcnschen wir Euch viel Spa\u00df beim Durchst\u00f6bern. Think ink&#8230;<\/p>\n\n\n\n<p>Ihr findet uns \u00fcbrigens auch auf <a rel=\"noopener noreferrer\" href=\"https:\/\/www.facebook.com\/michastattoo\" target=\"_blank\">Facebook!<\/a><\/p>\n\n\n\n<p class=\"has-text-align-center\">!!! ACHTUNG !!!<br>Termine m\u00fcssen mindestens 24 Stunden vorher abgesagt werden, da sonst die Anzahlung verf\u00e4llt !!!<\/p>\n<\/div>\n\n\n\n<div class=\"wp-block-column is-layout-flow wp-block-column-is-layout-flow\" style=\"flex-basis:50%\">\n<p><strong>Kontakt<\/strong><br>Obere W\u00f6hrstr. 70<br>73431 Aalen<br>Deutschland<\/p>\n\n\n\n<p>E-Mail:<br><a href=\"mailto:michastattoo@gmail.com\">michastattoo@gmail.com<\/a><br>Fon: 0 73 61 \/ 8 74 31<\/p>\n\n\n\n<p>\u00d6ffnungszeiten: So, Mo &#8211; Ruhetag \/ Di, Do, Fr 14:00 &#8211; 18:30 \/ Mi 14:00 bis 21:00 \/ Sa 9:00 &#8211; 12:00<\/p>\n<\/div>\n<\/div>\n<\/div>\n<\/div>\n","protected":false},"excerpt":{"rendered":"<p>Auf dieser Seite findet Ihr viele Informationen rund ums Thema Tattoo &amp; Piercing. Nun w\u00fcnschen wir Euch viel Spa\u00df beim Durchst\u00f6bern. Think ink&#8230; Ihr findet uns \u00fcbrigens auch auf Facebook! !!! ACHTUNG !!!Termine m\u00fcssen mindestens 24 Stunden vorher abgesagt werden, da sonst die Anzahlung verf\u00e4llt !!! KontaktObere W\u00f6hrstr. 7073431 AalenDeutschland E-Mail:michastattoo@gmail.comFon: 0 73 61 \/ [&hellip;]<\/p>\n","protected":false},"author":1,"featured_media":752,"parent":0,"menu_order":2,"comment_status":"closed","ping_status":"open","template":"templates\/template-cover.php","meta":{"footnotes":""},"class_list":["post-11","page","type-page","status-publish","has-post-thumbnail","hentry"],"_links":{"self":[{"href":"https:\/\/www.michastattoo.de\/index.php?rest_route=\/wp\/v2\/pages\/11","targetHints":{"allow":["GET"]}}],"collection":[{"href":"https:\/\/www.michastattoo.de\/index.php?rest_route=\/wp\/v2\/pages"}],"about":[{"href":"https:\/\/www.michastattoo.de\/index.php?rest_route=\/wp\/v2\/types\/page"}],"author":[{"embeddable":true,"href":"https:\/\/www.michastattoo.de\/index.php?rest_route=\/wp\/v2\/users\/1"}],"replies":[{"embeddable":true,"href":"https:\/\/www.michastattoo.de\/index.php?rest_route=%2Fwp%2Fv2%2Fcomments&post=11"}],"version-history":[{"count":10,"href":"https:\/\/www.michastattoo.de\/index.php?rest_route=\/wp\/v2\/pages\/11\/revisions"}],"predecessor-version":[{"id":774,"href":"https:\/\/www.michastattoo.de\/index.php?rest_route=\/wp\/v2\/pages\/11\/revisions\/774"}],"wp:featuredmedia":[{"embeddable":true,"href":"https:\/\/www.michastattoo.de\/index.php?rest_route=\/wp\/v2\/media\/752"}],"wp:attachment":[{"href":"https:\/\/www.michastattoo.de\/index.php?rest_route=%2Fwp%2Fv2%2Fmedia&parent=11"}],"curies":[{"name":"wp","href":"https:\/\/api.w.org\/{rel}","templated":true}]}}