{"id":732,"date":"2020-12-28T17:33:30","date_gmt":"2020-12-28T15:33:30","guid":{"rendered":"https:\/\/www.michastattoo.de\/?page_id=732"},"modified":"2020-12-29T20:56:35","modified_gmt":"2020-12-29T18:56:35","slug":"infos","status":"publish","type":"page","link":"https:\/\/www.michastattoo.de\/?page_id=732","title":{"rendered":"Infos"},"content":{"rendered":"\n<h2 class=\"wp-block-heading\">Was wir bieten<\/h2>\n\n\n\n<h3 class=\"wp-block-heading\">Wir bieten<\/h3>\n\n\n\n<p>Sterile und hygienische Arbeitsmethoden, geschultes Personal, Freihand  Arbeiten, eigene Entw\u00fcrfe, Portraits, \u00dcberdeckungen (Cover up),  Aufarbeiten alter Tattoos, gro\u00dfe Motivauswahl, brillante Farben,  Piercing ab 35,-Euro (inkl. Schmuck) &amp; Desinfektionsmittel, Dermal  Anchor, Intimpiercing, professionelle Anbringung, Schmuckauswahl,  Beratung<\/p>\n\n\n\n<h3 class=\"wp-block-heading\">Hygiene<\/h3>\n\n\n\n<p>Neben der Qualit\u00e4t der T\u00e4towierungen des K\u00fcnstlers ist ein weiterer  ausschlaggebender Aspekt, die Hygiene des Studios. Ist diese  unzureichend, kann es zu Infektionen oder gar Schlimmerem kommen. Wir  benutzen ausschlie\u00dflich Einmalt\u00e4towiernadeln\/-kan\u00fclen\/-handschuhe, sowie  Einwegrasierer. Alle unsere anderen Hilfsmittel (z.B. Griffst\u00fccke,  Piercinginstrumente,&#8230;) werden in einem Autoklaven (vernichtet alle  Krankheitserreger) gereinigt. <\/p>\n\n\n\n<p>Unsere T\u00e4towierfarben sind stets auf den neusten Stand. Und jeglicher  staatlichen Pr\u00fcfung unterzogen. So k\u00f6nnen wir immer beste Qualit\u00e4t  anbieten. <\/p>\n\n\n\n<p>F\u00fcr weitere Fragen kannst du gerne bei uns im Studio anrufen oder einfach direkt vorbei kommen. <\/p>\n\n\n\n<h2 class=\"wp-block-heading\">Nachpflegetips f\u00fcr dein Tattoo<\/h2>\n\n\n\n<ol class=\"wp-block-list\"><li>Bitte wechsle den von uns angebrachten Verband w\u00e4hrend der n\u00e4chsten 32 Stunden 3mal. Danach keinen neuen Verband mehr anbringen.<\/li><li>Die T\u00e4towierung sollte am n\u00e4chsten Morgen und Abend, sowie am \n\u00fcbern\u00e4chsten Morgen mit einem sauberen lauwarmen Tuch na\u00df und danach \ntrocken kr\u00e4ftig abgerieben werden. Bitte keine Seife verwenden.<\/li><li>Trage auf die gereinigte T\u00e4towierung Wund- und Heilsalbe (Bepanthen,\n von Liechtenstein,\u2026) hauchd\u00fcnn auf. Bitte keine anderen Salben oder gar\n Vaseline verwenden.<\/li><li>Danach verbinde dein Tattoo bitte mit Frischhaltefolie. Ab dem \n3.Wechsel nicht mehr verbinden, sondern offen lassen. Trage f\u00fcr die \nn\u00e4chsten 3 Wochen auf deine T\u00e4towierung 4-5mal am Tag oben genannte \nWund- und Heilsalbe hauchd\u00fcnn auf. Bitte keine enganliegende Kleidung \nauf der T\u00e4towierung tragen.<\/li><li>W\u00e4hrend der Heilphase bitte auf Solarium, Sauna, Schwimmbad oder andere Gew\u00e4sser verzichten.<\/li><li>WICHTIG: Bitte nicht an der Kruste (Wundsekret) zupfen oder kratzen,\n denn: nur eine sorgf\u00e4ltige Pflege w\u00e4hrend des Heilungsprozesses ergibt \nein sch\u00f6nes Bild!!!Tip: Nach der Heilungsphase bei Sonnenbestrahlung \neinen Sun-Blocker (Lichtschutzfaktor 45-50) benutzen.<\/li><\/ol>\n\n\n\n<p>Falls Du noch Fragen zu deinem Tattoo hast, stehen wir Dir gerne zur Verf\u00fcgung.<\/p>\n\n\n\n<h2 class=\"wp-block-heading\">Behandlungshinweise f\u00fcr dein Piercing<\/h2>\n\n\n\n<ol class=\"wp-block-list\"><li>Die Nachpflege deines Piercings ist f\u00fcr einen schnellen \nHeilungsprozess sehr wichtig! Da es eine offene Wunde ist, k\u00f6nnen \nInfektionen auftreten. Deshalb befolge bitte die folgenden \nNachpflegehinweise um ein optimales Resultat zu erzielen, was auch in \ndeinem eigenen Interesse ist.<\/li><li>Reinige dein Piercing bitte zweimal t\u00e4glich<\/li><li>Als allererstes solltest du gr\u00fcndlich deine H\u00e4nde reinigen, bevor du dein Piercing ber\u00fchrst.<\/li><li>Danach leg dir bitte 3 saubere Wattest\u00e4bchen zurecht, die nach jedem Reinigungsvorgang entsorgt werden m\u00fcssen.<\/li><li>Befeuchte das 1.Wattest\u00e4bchen mit lauwarmen Wasser und weiche die \neventuell entstandene Kruste damit auf und entferne sie vorsichtig. \nEntferne auch die entstandene Kruste am Piercing restlos bevor du es \nbewegst (um nicht den frisch heilenden Stichkanal wieder dadurch zu \nverletzen)<\/li><li>Das 2.Wattest\u00e4bchen tauchst du bitte in das mitgegebene \nDesinfektionsmittel (Octenisept) ein und reinigst damit dein Piercing \n(ohne es zu drehen oder zu bewegen).<\/li><li>An das letzte Wattest\u00e4bchen bringst du etwas von dem Tyrosur-Gel (5 \nGramm) an und verteilst dieses Gel an deinem gereinigten Piercing. Nun \nbewegst du den Schmuck vorsichtig, so dass das Gel in den Stichkanal \nhereintransportiert werden kann.<\/li><li>Zum Abschlu\u00df klebe bei Bedarf ein Pflaster drauf. <\/li><li>Klebe beim Bauchnabel- oder Brustwarzenpiercing ein steriles \nPflaster drauf. Beachte, dass das Pflaster von unten ge\u00f6ffnet ist, so \ndass Luft an dein Piercing kann.<\/li><li>W\u00e4hrend des Heilungsprozesses nicht ins Solarium, Sauna, Schwimmbad oder andere Gew\u00e4sser gehen.<\/li><li>Falls Schwellungen, R\u00f6tungen oder Entz\u00fcndungen auftreten, Auf keinen Fall das Piercing entfernen, da\u2026<br>\n\u2022 der Schmuck durch seine hohe Vertr\u00e4glichkeit nie an einer Entz\u00fcndung Schuld ist,<br>\n\u2022 der Stichkanal nach 1-2 Stunden zuwachsen w\u00fcrde und die Entz\u00fcndung einwachsen k\u00f6nnte,<br>\n\u2022 durch die Drehbewegung beim Reinigen der Fremdk\u00f6rper aus dem Stichkanal heraustransportiert wird.\n<\/li><li>Die Heilphase betr\u00e4gt zwischen 6 und 12 Wochen, je nach Piercing.<\/li><\/ol>\n\n\n\n<p>Falls du noch Fragen zu deinem Piercing hast, stehen wir dir gerne zur Verf\u00fcgung.<\/p>\n\n\n\n<h2 class=\"wp-block-heading\">Behandlungshinweise f\u00fcr dein Lippenpiercing<\/h2>\n\n\n\n<ol class=\"wp-block-list\"><li>Die Nachpflege deines Piercings ist f\u00fcr einen schnellen \nHeilungsprozess sehr wichtig! Da es eine offene Wunde ist, k\u00f6nnen \nInfektionen auftreten. Deshalb befolge bitte die folgenden \nNachpflegehinweise um ein optimales Resultat zu erzielen, was auch in \ndeinem eigenen Interesse ist.<\/li><li>Als allererstes solltest du gr\u00fcndlich deine H\u00e4nde reinigen, bevor du dein Piercing ber\u00fchrst.<\/li><li>Danach leg dir bitte 3 saubere Wattest\u00e4bchen zurecht, die nach jedem Reinigungsvorgang entsorgt werden m\u00fcssen.<\/li><li>Falls sich beim Lippenpiercing an der \u00e4u\u00dferen Stichkanal\u00f6ffnung eine\n Kruste bildet, befeuchte das 1.Wattest\u00e4bchen mit lauwarmen Wasser und \nweiche die entstandene Kruste damit auf, danach entferne sie vorsichtig.<\/li><li>Das 2.Wattest\u00e4bchen tauchst du bitte in das mitgegebene \nDesinfektionsmittel (Octenisept) ein und reinigst damit dein Piercing \n(ohne es zu drehen oder zu bewegen).<\/li><li>An das letzte Wattest\u00e4bchen bringst du etwas von dem Tyrosur-Gel (5 \nGramm) an und verteilst dieses Gel an deinem gereinigten Piercing. Nun \nbewegst du den Schmuck vorsichtig, so dass das Gel in den Stichkanal \nhereintransportiert werden kann.<\/li><li>W\u00e4hrend des Heilungsprozesses nicht ins Solarium, Sauna, Schwimmbad oder andere Gew\u00e4sser gehen.<\/li><li>Falls Schwellungen, R\u00f6tungen oder Entz\u00fcndungen auftreten, Auf keinen Fall das Piercing entfernen, da\u2026<br>\n\u2022 der Schmuck durch seine hohe Vertr\u00e4glichkeit nie an einer Entz\u00fcndung schuld ist,<br>\n\u2022 der Stichkanal nach 1-2 Stunden zuwachsen w\u00fcrde und die Entz\u00fcndung einwachsen k\u00f6nnte,<br>\n\u2022 durch die Drehbewegung beim Reinigen der Fremdk\u00f6rper aus dem \nStichkanal heraustransportiert wird. W\u00e4hrend der Heilphase mu\u00df auf \nfolgende Dinge besonders geachtet werden:<br>\n\u2022 nach jeden Essen oder Trinken den Mundraum mit einer antibakteriellen Mundsp\u00fclung (Listerine,Hexoral,\u2026) aussp\u00fclen<br>\n\u2022 nicht zu scharf essen und nicht zu heiss trinken<br>\n\u2022 keine Milchprodukte essen oder trinken<br>\n\u2022 nicht rauchen<br>\n\u2022 keinen Alkohol<br>\n\u2022 keinen oralen Verkehr<br>\n\u2022 keine anderen Salben als oben aufgef\u00fchrt verwenden.\n<\/li><li>Die Heilphase dauert circa 4 Wochen.<\/li><\/ol>\n\n\n\n<p>Falls du noch Fragen zu deinem Piercing hast, stehen wir dir gerne zur Verf\u00fcgung.<\/p>\n\n\n\n<h2 class=\"wp-block-heading\">Behandlungshinweise f\u00fcr dein Zungenpiercing<\/h2>\n\n\n\n<ol class=\"wp-block-list\"><li>Die Nachpflege deines Piercings ist f\u00fcr einen schnellen  Heilungsprozess sehr wichtig! Da es eine offene Wunde ist, k\u00f6nnen  Infektionen auftreten. Deshalb befolge bitte die folgenden  Nachpflegehinweise um ein optimales Resultat zu erzielen, was auch in  deinem eigenen Interesse ist.<\/li><li>Falls Schwellungen, R\u00f6tungen oder Entz\u00fcndungen auftreten, Auf keinen Fall das Piercing entfernen, da\u2026<br> \u2022 der Schmuck durch seine hohe Vertr\u00e4glichkeit nie an einer Entz\u00fcndung schuld ist,<br> \u2022 der Stichkanal nach 1-2 Stunden zuwachsen w\u00fcrde und die Entz\u00fcndung einwachsen k\u00f6nnte,<br> W\u00e4hrend der Heilphase mu\u00df auf folgende Dinge besonders geachtet werden:<br> \u2022 nach jeden Essen oder Trinken den Mundraum mit einer antibakteriellen Mundsp\u00fclung (Listerine,Hexoral,\u2026) aussp\u00fclen<br> \u2022 nicht zu scharf essen und nicht zu heiss trinken<br> \u2022 keine Milchprodukte essen und trinken<br> \u2022 nicht rauchen<br> \u2022 keinen Alkohol<br> \u2022 keinen oralen Verkehr <\/li><\/ol>\n\n\n\n<p>Tipp: Zur Vorbeugung der Schwellung wird empfohlen Eisw\u00fcrfel zu \nlutschen. Dazu bitte Kamillentee abkochen und daraus Eisw\u00fcrfel \nherstellen und bei Bedarf lutschen !!!<\/p>\n\n\n\n<p>Die Heilphase betr\u00e4gt 3 bis 4 Wochen, nach dieser Zeit kannst du dir \nbei vollst\u00e4ndigem Verheilen einen k\u00fcrzeren Stab von uns einsetzen \nlassen.<\/p>\n\n\n\n<p>Falls du noch Fragen zu deinem Piercing hast, stehen wir dir gerne zur Verf\u00fcgung. <\/p>\n\n\n\n<h2 class=\"wp-block-heading\">Behandlungshinweise f\u00fcr deinen Dermal Anchor<\/h2>\n\n\n\n<p>\nEin Dermal Anchor ist ein permanenter Schmuck (steriler Titanschmuck), \nder in die Haut eingesetzt wird. Der Schmuck hat am unteren Ende eine \nkleine l\u00e4ngliche Platte, durch deren Bohrung der Schmuck fest mit dem \nGewebe verw\u00e4chst. Am oberen Ende ist ein Innengewinde, in das \nverschiedene auswechselbare Aufs\u00e4tze aufgeschraubt werden k\u00f6nnen. Zum \nEinsetzen wird an der gew\u00fcnschten Stelle mit einem Biopsiestanzer in \nrichtiger Tiefe Gewebe entnommen wird. Somit bildet sich eine \u00d6ffnung, \nin die der Anchor eingesetzt wird.<\/p>\n\n\n\n<ol class=\"wp-block-list\"><li>Der Schmuck muss mindestens 6 bis 8 Wochen mit einem Wundpflaster \nfixiert werden, damit sich der Schmuck richtig ins Gewebe einwachsen \nkann und um ein versehntliches H\u00e4ngenbleiben zu vermeiden.<\/li><li>Als allererstes solltes du gr\u00fcndlich deine H\u00e4nde reinigen, bevor du deinen Anchor ber\u00fchrst.<\/li><li>Danach lege dir bitte 2 saubere Wattest\u00e4bchen zurecht, die du nach jedem Reinigungsvorgang entsorgst.<\/li><li>Befeuchte das 1. Wattest\u00e4bchen mit lauwarmen Wasser und weiche die entstandene Kruste damit auf und entferne sie vorsichtig.<\/li><li>Das 2.Wattest\u00e4bchen tauchst du bitte in das mitgegebene Desinfektionsmittel (Octenisept) ein und reinigt damit deinen Anchor.<\/li><li>Zum Abschlu\u00df klebe straff ein Pflaster zum Fixieren darauf !!!<\/li><li>Die Abheilungsphase betr\u00e4gt im Normalfall circa 2 Monate. Es kann \naber auch durchaus l\u00e4nger andauern. Wenn ihr euch nicht sicher seit, \nschaut bitte gerne bei uns im Studio vorbei, damit wir uns deinen Anchor\n anschauen k\u00f6nnen.<\/li><li>W\u00e4hrend des Heilungsprozesses nicht ins Solarium, Sauna, Schwimmbad oder in andere Gew\u00e4sser gehen.<\/li><\/ol>\n\n\n\n<p>Falls Du noch Fragen zu deinem Dermal Anchor hast, stehen wir dir gerne zur Verf\u00fcgung. <\/p>\n\n\n\n<p><\/p>\n","protected":false},"excerpt":{"rendered":"<p>Was wir bieten Wir bieten Sterile und hygienische Arbeitsmethoden, geschultes Personal, Freihand Arbeiten, eigene Entw\u00fcrfe, Portraits, \u00dcberdeckungen (Cover up), Aufarbeiten alter Tattoos, gro\u00dfe Motivauswahl, brillante Farben, Piercing ab 35,-Euro (inkl. Schmuck) &amp; Desinfektionsmittel, Dermal Anchor, Intimpiercing, professionelle Anbringung, Schmuckauswahl, Beratung Hygiene Neben der Qualit\u00e4t der T\u00e4towierungen des K\u00fcnstlers ist ein weiterer ausschlaggebender Aspekt, die Hygiene [&hellip;]<\/p>\n","protected":false},"author":1,"featured_media":0,"parent":0,"menu_order":0,"comment_status":"closed","ping_status":"closed","template":"","meta":{"footnotes":""},"class_list":["post-732","page","type-page","status-publish","hentry"],"_links":{"self":[{"href":"https:\/\/www.michastattoo.de\/index.php?rest_route=\/wp\/v2\/pages\/732","targetHints":{"allow":["GET"]}}],"collection":[{"href":"https:\/\/www.michastattoo.de\/index.php?rest_route=\/wp\/v2\/pages"}],"about":[{"href":"https:\/\/www.michastattoo.de\/index.php?rest_route=\/wp\/v2\/types\/page"}],"author":[{"embeddable":true,"href":"https:\/\/www.michastattoo.de\/index.php?rest_route=\/wp\/v2\/users\/1"}],"replies":[{"embeddable":true,"href":"https:\/\/www.michastattoo.de\/index.php?rest_route=%2Fwp%2Fv2%2Fcomments&post=732"}],"version-history":[{"count":3,"href":"https:\/\/www.michastattoo.de\/index.php?rest_route=\/wp\/v2\/pages\/732\/revisions"}],"predecessor-version":[{"id":762,"href":"https:\/\/www.michastattoo.de\/index.php?rest_route=\/wp\/v2\/pages\/732\/revisions\/762"}],"wp:attachment":[{"href":"https:\/\/www.michastattoo.de\/index.php?rest_route=%2Fwp%2Fv2%2Fmedia&parent=732"}],"curies":[{"name":"wp","href":"https:\/\/api.w.org\/{rel}","templated":true}]}}