{"id":736,"date":"2020-12-28T17:33:05","date_gmt":"2020-12-28T15:33:05","guid":{"rendered":"https:\/\/www.michastattoo.de\/?page_id=736"},"modified":"2020-12-28T17:33:05","modified_gmt":"2020-12-28T15:33:05","slug":"datenschutz","status":"publish","type":"page","link":"https:\/\/www.michastattoo.de\/?page_id=736","title":{"rendered":"Datenschutz"},"content":{"rendered":"\n<h2 class=\"wp-block-heading\">Datenschutzerkl\u00e4rung<\/h2>\n\n\n\n<h2 class=\"wp-block-heading\">1. Datenschutz auf einen Blick<\/h2>\n\n\n\n<h3 class=\"wp-block-heading\">Allgemeine Hinweise<\/h3>\n\n\n\n<p>Die folgenden Hinweise geben einen einfachen \u00dcberblick dar\u00fcber, was \nmit Ihren personenbezogenen Daten passiert, wenn Sie unsere Website \nbesuchen. Personenbezogene Daten sind alle Daten, mit denen Sie \npers\u00f6nlich identifiziert werden k\u00f6nnen. Ausf\u00fchrliche Informationen zum \nThema Datenschutz entnehmen Sie unserer unter diesem Text aufgef\u00fchrten \nDatenschutzerkl\u00e4rung.<\/p>\n\n\n\n<h3 class=\"wp-block-heading\">Datenerfassung auf unserer Website<\/h3>\n\n\n\n<p><strong>Wer ist verantwortlich f\u00fcr die Datenerfassung auf dieser Website?<\/strong><\/p>\n\n\n\n<p>Die Datenverarbeitung auf dieser Website erfolgt durch den \nWebsitebetreiber. Dessen Kontaktdaten k\u00f6nnen Sie dem Impressum dieser \nWebsite entnehmen.<\/p>\n\n\n\n<p><strong>Wie erfassen wir Ihre Daten?<\/strong><\/p>\n\n\n\n<p>Ihre Daten werden zum einen dadurch erhoben, dass Sie uns diese \nmitteilen. Hierbei kann es sich z.B. um Daten handeln, die Sie in ein \nKontaktformular eingeben.<\/p>\n\n\n\n<p>Andere Daten werden automatisch beim Besuch der Website durch unsere \nIT-Systeme erfasst. Das sind vor allem technische Daten (z.B. \nInternetbrowser, Betriebssystem oder Uhrzeit des Seitenaufrufs). Die \nErfassung dieser Daten erfolgt automatisch, sobald Sie unsere Website \nbetreten.<\/p>\n\n\n\n<p><strong>Wof\u00fcr nutzen wir Ihre Daten?<\/strong><\/p>\n\n\n\n<p>Ein Teil der Daten wird erhoben, um eine fehlerfreie Bereitstellung \nder Website zu gew\u00e4hrleisten. Andere Daten k\u00f6nnen zur Analyse Ihres \nNutzerverhaltens verwendet werden.<\/p>\n\n\n\n<p><strong>Welche Rechte haben Sie bez\u00fcglich Ihrer Daten?<\/strong><\/p>\n\n\n\n<p>Sie haben jederzeit das Recht unentgeltlich Auskunft \u00fcber Herkunft, \nEmpf\u00e4nger und Zweck Ihrer gespeicherten personenbezogenen Daten zu \nerhalten. Sie haben au\u00dferdem ein Recht, die Berichtigung, Sperrung oder \nL\u00f6schung dieser Daten zu verlangen. Hierzu sowie zu weiteren Fragen zum \nThema Datenschutz k\u00f6nnen Sie sich jederzeit unter der im Impressum \nangegebenen Adresse an uns wenden. Des Weiteren steht Ihnen ein \nBeschwerderecht bei der zust\u00e4ndigen Aufsichtsbeh\u00f6rde zu.<\/p>\n\n\n\n<p>Au\u00dferdem haben Sie das Recht, unter bestimmten Umst\u00e4nden die \nEinschr\u00e4nkung der Verarbeitung Ihrer personenbezogenen Daten zu \nverlangen. Details hierzu entnehmen Sie der Datenschutzerkl\u00e4rung unter \n\u201eRecht auf Einschr\u00e4nkung der Verarbeitung\u201c.<\/p>\n\n\n\n<h3 class=\"wp-block-heading\">Analyse-Tools und Tools von Drittanbietern<\/h3>\n\n\n\n<p>Beim Besuch unserer Website kann Ihr Surf-Verhalten statistisch \nausgewertet werden. Das geschieht vor allem mit Cookies und mit \nsogenannten Analyseprogrammen. Die Analyse Ihres Surf-Verhaltens erfolgt\n in der Regel anonym; das Surf-Verhalten kann nicht zu Ihnen \nzur\u00fcckverfolgt werden. Sie k\u00f6nnen dieser Analyse widersprechen oder sie \ndurch die Nichtbenutzung bestimmter Tools verhindern. Detaillierte \nInformationen dazu finden Sie in der folgenden Datenschutzerkl\u00e4rung.<\/p>\n\n\n\n<p>Sie k\u00f6nnen dieser Analyse widersprechen. \u00dcber die \nWiderspruchsm\u00f6glichkeiten werden wir Sie in dieser Datenschutzerkl\u00e4rung \ninformieren.<\/p>\n\n\n\n<h2 class=\"wp-block-heading\">2. Allgemeine Hinweise und Pflichtinformationen<\/h2>\n\n\n\n<h3 class=\"wp-block-heading\">Datenschutz<\/h3>\n\n\n\n<p>Die Betreiber dieser Seiten nehmen den Schutz Ihrer pers\u00f6nlichen \nDaten sehr ernst. Wir behandeln Ihre personenbezogenen Daten vertraulich\n und entsprechend der gesetzlichen Datenschutzvorschriften sowie dieser \nDatenschutzerkl\u00e4rung.<\/p>\n\n\n\n<p>Wenn Sie diese Website benutzen, werden verschiedene personenbezogene\n Daten erhoben. Personenbezogene Daten sind Daten, mit denen Sie \npers\u00f6nlich identifiziert werden k\u00f6nnen. Die vorliegende \nDatenschutzerkl\u00e4rung erl\u00e4utert, welche Daten wir erheben und wof\u00fcr wir \nsie nutzen. Sie erl\u00e4utert auch, wie und zu welchem Zweck das geschieht.<\/p>\n\n\n\n<p>Wir weisen darauf hin, dass die Daten\u00fcbertragung im Internet (z.B. \nbei der Kommunikation per E-Mail) Sicherheitsl\u00fccken aufweisen kann. Ein \nl\u00fcckenloser Schutz der Daten vor dem Zugriff durch Dritte ist nicht \nm\u00f6glich.<\/p>\n\n\n\n<h3 class=\"wp-block-heading\">Hinweis zur verantwortlichen Stelle<\/h3>\n\n\n\n<p>Die verantwortliche Stelle f\u00fcr die Datenverarbeitung auf dieser Website ist:<\/p>\n\n\n\n<p>Micha&#8217;s Tattoo- und Piercingstudio<br>\nMichael L\u00fchmann<br>\nObere W\u00f6hrstr. 70<br>\n73431 Aalen<\/p>\n\n\n\n<p>Telefon: +49 (0) 73 61 \/ 8 74 31<br>\nE-Mail: michastattoo@gmail.com<\/p>\n\n\n\n<p>Verantwortliche Stelle ist die nat\u00fcrliche oder juristische Person, \ndie allein oder gemeinsam mit anderen \u00fcber die Zwecke und Mittel der \nVerarbeitung von personenbezogenen Daten (z.B. Namen, E-Mail-Adressen o.\n \u00c4.) entscheidet.<\/p>\n\n\n\n<h3 class=\"wp-block-heading\">Widerruf Ihrer Einwilligung zur Datenverarbeitung<\/h3>\n\n\n\n<p>Viele Datenverarbeitungsvorg\u00e4nge sind nur mit Ihrer ausdr\u00fccklichen \nEinwilligung m\u00f6glich. Sie k\u00f6nnen eine bereits erteilte Einwilligung \njederzeit widerrufen. Dazu reicht eine formlose Mitteilung per E-Mail an\n uns. Die Rechtm\u00e4\u00dfigkeit der bis zum Widerruf erfolgten \nDatenverarbeitung bleibt vom Widerruf unber\u00fchrt.<\/p>\n\n\n\n<h3 class=\"wp-block-heading\">Widerspruchsrecht gegen die Datenerhebung in besonderen F\u00e4llen sowie gegen Direktwerbung (Art. 21 DSGVO)<\/h3>\n\n\n\n<p><strong>Wenn die Datenverarbeitung auf Grundlage von Art. 6 Abs. 1 \nlit. e oder f DSGVO erfolgt, haben Sie jederzeit das Recht, aus Gr\u00fcnden,\n die sich aus Ihrer besonderen Situation ergeben, gegen die Verarbeitung\n Ihrer personenbezogenen Daten Widerspruch einzulegen; dies gilt auch \nf\u00fcr ein auf diese Bestimmungen gest\u00fctztes Profiling. Die jeweilige \nRechtsgrundlage, auf denen eine Verarbeitung beruht, entnehmen Sie \ndieser Datenschutzerkl\u00e4rung. Wenn Sie Widerspruch einlegen, werden wir \nIhre betroffenen personenbezogenen Daten nicht mehr verarbeiten, es sei \ndenn, wir k\u00f6nnen zwingende schutzw\u00fcrdige Gr\u00fcnde f\u00fcr die Verarbeitung \nnachweisen, die Ihre Interessen, Rechte und Freiheiten \u00fcberwiegen oder \ndie Verarbeitung dient der Geltendmachung, Aus\u00fcbung oder Verteidigung \nvon Rechtsanspr\u00fcchen (Widerspruch nach Art. 21 Abs. 1 DSGVO).<\/strong><\/p>\n\n\n\n<p><strong>Werden Ihre personenbezogenen Daten verarbeitet, um \nDirektwerbung zu betreiben, so haben Sie das Recht, jederzeit \nWiderspruch gegen die Verarbeitung Sie betreffender personenbezogener \nDaten zum Zwecke derartiger Werbung einzulegen; dies gilt auch f\u00fcr das \nProfiling, soweit es mit solcher Direktwerbung in Verbindung steht. Wenn\n Sie widersprechen, werden Ihre personenbezogenen Daten anschlie\u00dfend \nnicht mehr zum Zwecke der Direktwerbung verwendet (Widerspruch nach Art.\n 21 Abs. 2 DSGVO).<\/strong><\/p>\n\n\n\n<h3 class=\"wp-block-heading\">Beschwerderecht bei der zust\u00e4ndigen Aufsichtsbeh\u00f6rde<\/h3>\n\n\n\n<p>Im Falle von Verst\u00f6\u00dfen gegen die DSGVO steht den Betroffenen ein \nBeschwerderecht bei einer Aufsichtsbeh\u00f6rde, insbesondere in dem \nMitgliedstaat ihres gew\u00f6hnlichen Aufenthalts, ihres Arbeitsplatzes oder \ndes Orts des mutma\u00dflichen Versto\u00dfes zu. Das Beschwerderecht besteht \nunbeschadet anderweitiger verwaltungsrechtlicher oder gerichtlicher \nRechtsbehelfe.<\/p>\n\n\n\n<h3 class=\"wp-block-heading\">Recht auf Daten\u00fcbertragbarkeit<\/h3>\n\n\n\n<p>Sie haben das Recht, Daten, die wir auf Grundlage Ihrer Einwilligung \noder in Erf\u00fcllung eines Vertrags automatisiert verarbeiten, an sich oder\n an einen Dritten in einem g\u00e4ngigen, maschinenlesbaren Format \naush\u00e4ndigen zu lassen. Sofern Sie die direkte \u00dcbertragung der Daten an \neinen anderen Verantwortlichen verlangen, erfolgt dies nur, soweit es \ntechnisch machbar ist.<\/p>\n\n\n\n<h3 class=\"wp-block-heading\">SSL- bzw. TLS-Verschl\u00fcsselung<\/h3>\n\n\n\n<p>Diese Seite nutzt aus Sicherheitsgr\u00fcnden und zum Schutz der \n\u00dcbertragung vertraulicher Inhalte, wie zum Beispiel Bestellungen oder \nAnfragen, die Sie an uns als Seitenbetreiber senden, eine SSL-bzw. \nTLS-Verschl\u00fcsselung. Eine verschl\u00fcsselte Verbindung erkennen Sie daran, \ndass die Adresszeile des Browsers von \u201chttp:\/\/\u201d auf \u201chttps:\/\/\u201d wechselt \nund an dem Schloss-Symbol in Ihrer Browserzeile.<\/p>\n\n\n\n<p>Wenn die SSL- bzw. TLS-Verschl\u00fcsselung aktiviert ist, k\u00f6nnen die \nDaten, die Sie an uns \u00fcbermitteln, nicht von Dritten mitgelesen werden.<\/p>\n\n\n\n<h3 class=\"wp-block-heading\">Auskunft, Sperrung, L\u00f6schung und Berichtigung<\/h3>\n\n\n\n<p>Sie haben im Rahmen der geltenden gesetzlichen Bestimmungen jederzeit\n das Recht auf unentgeltliche Auskunft \u00fcber Ihre gespeicherten \npersonenbezogenen Daten, deren Herkunft und Empf\u00e4nger und den Zweck der \nDatenverarbeitung und ggf. ein Recht auf Berichtigung, Sperrung oder \nL\u00f6schung dieser Daten. Hierzu sowie zu weiteren Fragen zum Thema \npersonenbezogene Daten k\u00f6nnen Sie sich jederzeit unter der im Impressum \nangegebenen Adresse an uns wenden.<\/p>\n\n\n\n<h3 class=\"wp-block-heading\">Recht auf Einschr\u00e4nkung der Verarbeitung<\/h3>\n\n\n\n<p>Sie haben das Recht, die Einschr\u00e4nkung der Verarbeitung Ihrer \npersonenbezogenen Daten zu verlangen. Hierzu k\u00f6nnen Sie sich jederzeit \nunter der im Impressum angegebenen Adresse an uns wenden. Das Recht auf \nEinschr\u00e4nkung der Verarbeitung besteht in folgenden F\u00e4llen:<\/p>\n\n\n\n<p>-Wenn Sie die Richtigkeit Ihrer bei uns gespeicherten \npersonenbezogenen Daten bestreiten, ben\u00f6tigen wir in der Regel Zeit, um \ndies zu \u00fcberpr\u00fcfen. F\u00fcr die Dauer der Pr\u00fcfung haben Sie das Recht, die \nEinschr\u00e4nkung der Verarbeitung Ihrer personenbezogenen Daten zu \nverlangen.<br>-Wenn die Verarbeitung Ihrer personenbezogenen Daten \nunrechtm\u00e4\u00dfig geschah \/ geschieht, k\u00f6nnen Sie statt der L\u00f6schung die \nEinschr\u00e4nkung der Datenverarbeitung verlangen.<br>-Wenn wir Ihre \npersonenbezogenen Daten nicht mehr ben\u00f6tigen, Sie sie jedoch zur \nAus\u00fcbung, Verteidigung oder Geltendmachung von Rechtsanspr\u00fcchen \nben\u00f6tigen, haben Sie das Recht, statt der L\u00f6schung die Einschr\u00e4nkung der\n Verarbeitung Ihrer personenbezogenen Daten zu verlangen.<br>-Wenn Sie \neinen Widerspruch nach Art. 21 Abs. 1 DSGVO eingelegt haben, muss eine \nAbw\u00e4gung zwischen Ihren und unseren Interessen vorgenommen werden. \nSolange noch nicht feststeht, wessen Interessen \u00fcberwiegen, haben Sie \ndas Recht, die Einschr\u00e4nkung der Verarbeitung Ihrer personenbezogenen \nDaten zu verlangen.<\/p>\n\n\n\n<p>Wenn Sie die Verarbeitung Ihrer personenbezogenen Daten eingeschr\u00e4nkt\n haben, d\u00fcrfen diese Daten \u2013 von ihrer Speicherung abgesehen \u2013 nur mit \nIhrer Einwilligung oder zur Geltendmachung, Aus\u00fcbung oder Verteidigung \nvon Rechtsanspr\u00fcchen oder zum Schutz der Rechte einer anderen \nnat\u00fcrlichen oder juristischen Person oder aus Gr\u00fcnden eines wichtigen \n\u00f6ffentlichen Interesses der Europ\u00e4ischen Union oder eines Mitgliedstaats\n verarbeitet werden.<\/p>\n\n\n\n<h2 class=\"wp-block-heading\">3. Datenerfassung auf unserer Website<\/h2>\n\n\n\n<h3 class=\"wp-block-heading\">Server-Log-Dateien<\/h3>\n\n\n\n<p>Der Provider der Seiten erhebt und speichert automatisch \nInformationen in so genannten Server-Log-Dateien, die Ihr Browser \nautomatisch an uns \u00fcbermittelt. Dies sind:<\/p>\n\n\n\n<p>-Browsertyp und Browserversion<br>-verwendetes Betriebssystem<br>-Referrer URL<br> -Hostname des zugreifenden Rechners<br>-Uhrzeit der Serveranfrage<br>-IP-Adresse<\/p>\n\n\n\n<p>Eine Zusammenf\u00fchrung dieser Daten mit anderen Datenquellen wird nicht vorgenommen.<\/p>\n\n\n\n<p>Die Erfassung dieser Daten erfolgt auf Grundlage von Art. 6 Abs. 1 \nlit. f DSGVO. Der Websitebetreiber hat ein berechtigtes Interesse an der\n technisch fehlerfreien Darstellung und der Optimierung seiner Website \u2013\n hierzu m\u00fcssen die Server-Log-Files erfasst werden.<\/p>\n\n\n\n<h2 class=\"wp-block-heading\">4. Plugins und Tools<\/h2>\n\n\n\n<h3 class=\"wp-block-heading\">Google Web Fonts<\/h3>\n\n\n\n<p>Diese Seite nutzt zur einheitlichen Darstellung von Schriftarten so \ngenannte Web Fonts, die von Google bereitgestellt werden. Beim Aufruf \neiner Seite l\u00e4dt Ihr Browser die ben\u00f6tigten Web Fonts in ihren \nBrowsercache, um Texte und Schriftarten korrekt anzuzeigen.<\/p>\n\n\n\n<p>Zu diesem Zweck muss der von Ihnen verwendete Browser Verbindung zu \nden Servern von Google aufnehmen. Hierdurch erlangt Google Kenntnis \ndar\u00fcber, dass \u00fcber Ihre IP-Adresse unsere Website aufgerufen wurde. Die \nNutzung von Google Web Fonts erfolgt im Interesse einer einheitlichen \nund ansprechenden Darstellung unserer Online-Angebote. Dies stellt ein \nberechtigtes Interesse im Sinne von Art. 6 Abs. 1 lit. f DSGVO dar.<\/p>\n\n\n\n<p>Wenn Ihr Browser Web Fonts nicht unterst\u00fctzt, wird eine Standardschrift von Ihrem Computer genutzt.<\/p>\n\n\n\n<p>Weitere Informationen zu Google Web Fonts finden Sie unter <a href=\"https:\/\/developers.google.com\/fonts\/faq\" target=\"_blank\" rel=\"noreferrer noopener\">https:\/\/developers.google.com\/fonts\/faq<\/a> und in der Datenschutzerkl\u00e4rung von Google: <a href=\"https:\/\/policies.google.com\/privacy?hl=de\" target=\"_blank\" rel=\"noreferrer noopener\">https:\/\/policies.google.com\/privacy?hl=de<\/a>.<\/p>\n","protected":false},"excerpt":{"rendered":"<p>Datenschutzerkl\u00e4rung 1. Datenschutz auf einen Blick Allgemeine Hinweise Die folgenden Hinweise geben einen einfachen \u00dcberblick dar\u00fcber, was mit Ihren personenbezogenen Daten passiert, wenn Sie unsere Website besuchen. Personenbezogene Daten sind alle Daten, mit denen Sie pers\u00f6nlich identifiziert werden k\u00f6nnen. Ausf\u00fchrliche Informationen zum Thema Datenschutz entnehmen Sie unserer unter diesem Text aufgef\u00fchrten Datenschutzerkl\u00e4rung. Datenerfassung auf unserer [&hellip;]<\/p>\n","protected":false},"author":1,"featured_media":0,"parent":0,"menu_order":0,"comment_status":"closed","ping_status":"closed","template":"","meta":{"footnotes":""},"class_list":["post-736","page","type-page","status-publish","hentry"],"_links":{"self":[{"href":"https:\/\/www.michastattoo.de\/index.php?rest_route=\/wp\/v2\/pages\/736","targetHints":{"allow":["GET"]}}],"collection":[{"href":"https:\/\/www.michastattoo.de\/index.php?rest_route=\/wp\/v2\/pages"}],"about":[{"href":"https:\/\/www.michastattoo.de\/index.php?rest_route=\/wp\/v2\/types\/page"}],"author":[{"embeddable":true,"href":"https:\/\/www.michastattoo.de\/index.php?rest_route=\/wp\/v2\/users\/1"}],"replies":[{"embeddable":true,"href":"https:\/\/www.michastattoo.de\/index.php?rest_route=%2Fwp%2Fv2%2Fcomments&post=736"}],"version-history":[{"count":1,"href":"https:\/\/www.michastattoo.de\/index.php?rest_route=\/wp\/v2\/pages\/736\/revisions"}],"predecessor-version":[{"id":737,"href":"https:\/\/www.michastattoo.de\/index.php?rest_route=\/wp\/v2\/pages\/736\/revisions\/737"}],"wp:attachment":[{"href":"https:\/\/www.michastattoo.de\/index.php?rest_route=%2Fwp%2Fv2%2Fmedia&parent=736"}],"curies":[{"name":"wp","href":"https:\/\/api.w.org\/{rel}","templated":true}]}}